{"id":363,"date":"2021-11-11T18:41:57","date_gmt":"2021-11-11T18:41:57","guid":{"rendered":"https:\/\/fliesenhandel-rueckert.de\/?page_id=363"},"modified":"2021-11-11T18:41:57","modified_gmt":"2021-11-11T18:41:57","slug":"portfolio","status":"publish","type":"page","link":"https:\/\/fliesenhandel-rueckert.de\/?page_id=363","title":{"rendered":"Portfolio"},"content":{"rendered":"\n<p>Wir stellen alles zur Verf\u00fcgung, was man mit dem Themen Fliesen verbindet: <br>&#8211; Feinsteinzeug- und Steinzeugfliesen, vom Mosaik bis zum Gro\u00dfformat<br>&#8211; Fliesen f\u00fcr drinnen und drau\u00dfen<br>&#8211; von der Objekt- bis zur Luxusfliese<br>&#8211; Abschlussschienen aus Aluminium und Edelstahl, geb\u00fcrstet oder gl\u00e4nzend oder eloxiert<br>&#8211; Fliesenkleber, Niveliermasse, Niveliersysteme <\/p>\n\n\n\n<h2 class=\"wp-block-heading\">Fliesen auf Lager<\/h2>\n\n\n\n<p>Nachfolgend ein Auszug an Fliesen, die wir auf Lager haben<\/p>\n\n\n\n<h2 class=\"wp-block-heading\">Ardesia<\/h2>\n\n\n\n<p>Die Serie Ardesia ist  Schiefer nachempfunden und in f\u00fcnf Farben erh\u00e4ltlich. Auf Lager haben wir das Format 45&#215;90, rektifiziert, R10:<\/p>\n\n\n\n<figure class=\"wp-block-image size-full\"><img loading=\"lazy\" decoding=\"async\" width=\"751\" height=\"300\" src=\"https:\/\/fliesenhandel-rueckert.de\/wp-content\/uploads\/2021\/11\/Ardesia.jpg\" alt=\"\" class=\"wp-image-364\" srcset=\"https:\/\/fliesenhandel-rueckert.de\/wp-content\/uploads\/2021\/11\/Ardesia.jpg 751w, https:\/\/fliesenhandel-rueckert.de\/wp-content\/uploads\/2021\/11\/Ardesia-300x120.jpg 300w\" sizes=\"auto, (max-width: 706px) 89vw, (max-width: 767px) 82vw, 740px\" \/><\/figure>\n\n\n\n<h2 class=\"wp-block-heading\">Kiel und L\u00fcbeck<\/h2>\n\n\n\n<p>Die beiden Serien Kiel und L\u00fcbeck orientieren sich an der aktuellen Betonoptik. Beide Serien sind bei uns rektifiziert im Format 60&#215;60  erh\u00e4ltlich.Die L\u00fcbeck hat Rutschemmung R9.<\/p>\n\n\n\n<figure class=\"wp-block-image size-full\"><img loading=\"lazy\" decoding=\"async\" width=\"900\" height=\"600\" src=\"https:\/\/fliesenhandel-rueckert.de\/wp-content\/uploads\/2021\/11\/KielLubeck.jpg\" alt=\"\" class=\"wp-image-366\" srcset=\"https:\/\/fliesenhandel-rueckert.de\/wp-content\/uploads\/2021\/11\/KielLubeck.jpg 900w, https:\/\/fliesenhandel-rueckert.de\/wp-content\/uploads\/2021\/11\/KielLubeck-300x200.jpg 300w, https:\/\/fliesenhandel-rueckert.de\/wp-content\/uploads\/2021\/11\/KielLubeck-768x512.jpg 768w\" sizes=\"auto, (max-width: 767px) 89vw, (max-width: 1000px) 54vw, (max-width: 1071px) 543px, 580px\" \/><\/figure>\n\n\n\n<h2 class=\"wp-block-heading\">Etrvria Nero<\/h2>\n\n\n\n<p>Die sehr elegante Fliese mit dem auff\u00e4lligen Namen haben wir im Format 60&#215;120 auf Lager. Durch die Rutschhemmung R10 ist diese auch gut f\u00fcr das Bad geeignet und bietet durch ihre dunkle und matte Farbe einen guten Kontrast zu helleren\/wei\u00dfen Wandfliesen <\/p>\n\n\n\n<figure class=\"wp-block-image size-large\"><img loading=\"lazy\" decoding=\"async\" width=\"1024\" height=\"657\" src=\"https:\/\/fliesenhandel-rueckert.de\/wp-content\/uploads\/2021\/11\/Bad-mit-Etrvria-2_DxO_Kuenstlerisch-1024x657.jpg\" alt=\"\" class=\"wp-image-368\" srcset=\"https:\/\/fliesenhandel-rueckert.de\/wp-content\/uploads\/2021\/11\/Bad-mit-Etrvria-2_DxO_Kuenstlerisch-1024x657.jpg 1024w, https:\/\/fliesenhandel-rueckert.de\/wp-content\/uploads\/2021\/11\/Bad-mit-Etrvria-2_DxO_Kuenstlerisch-300x192.jpg 300w, https:\/\/fliesenhandel-rueckert.de\/wp-content\/uploads\/2021\/11\/Bad-mit-Etrvria-2_DxO_Kuenstlerisch-768x493.jpg 768w, https:\/\/fliesenhandel-rueckert.de\/wp-content\/uploads\/2021\/11\/Bad-mit-Etrvria-2_DxO_Kuenstlerisch.jpg 1417w\" sizes=\"auto, (max-width: 767px) 89vw, (max-width: 1000px) 54vw, (max-width: 1071px) 543px, 580px\" \/><\/figure>\n\n\n\n<figure class=\"wp-block-image size-large is-resized\"><img loading=\"lazy\" decoding=\"async\" src=\"https:\/\/fliesenhandel-rueckert.de\/wp-content\/uploads\/2021\/11\/Etrvria_DxO_Kuenstlerisch_DxO_Kuenstlerisch-1024x657.jpg\" alt=\"\" class=\"wp-image-370\" width=\"674\" height=\"432\" srcset=\"https:\/\/fliesenhandel-rueckert.de\/wp-content\/uploads\/2021\/11\/Etrvria_DxO_Kuenstlerisch_DxO_Kuenstlerisch-1024x657.jpg 1024w, https:\/\/fliesenhandel-rueckert.de\/wp-content\/uploads\/2021\/11\/Etrvria_DxO_Kuenstlerisch_DxO_Kuenstlerisch-300x192.jpg 300w, https:\/\/fliesenhandel-rueckert.de\/wp-content\/uploads\/2021\/11\/Etrvria_DxO_Kuenstlerisch_DxO_Kuenstlerisch-768x493.jpg 768w, https:\/\/fliesenhandel-rueckert.de\/wp-content\/uploads\/2021\/11\/Etrvria_DxO_Kuenstlerisch_DxO_Kuenstlerisch.jpg 1417w\" sizes=\"auto, (max-width: 674px) 100vw, 674px\" \/><\/figure>\n","protected":false},"excerpt":{"rendered":"<p>Wir stellen alles zur Verf\u00fcgung, was man mit dem Themen Fliesen verbindet: &#8211; Feinsteinzeug- und Steinzeugfliesen, vom Mosaik bis zum Gro\u00dfformat&#8211; Fliesen f\u00fcr drinnen und drau\u00dfen&#8211; von der Objekt- bis zur Luxusfliese&#8211; Abschlussschienen aus Aluminium und Edelstahl, geb\u00fcrstet oder gl\u00e4nzend oder eloxiert&#8211; Fliesenkleber, Niveliermasse, Niveliersysteme Fliesen auf Lager Nachfolgend ein Auszug an Fliesen, die wir &hellip; <\/p>\n<p class=\"link-more\"><a href=\"https:\/\/fliesenhandel-rueckert.de\/?page_id=363\" class=\"more-link\"><span class=\"screen-reader-text\">\u201ePortfolio\u201c<\/span> weiterlesen<\/a><\/p>\n","protected":false},"author":1,"featured_media":0,"parent":0,"menu_order":0,"comment_status":"closed","ping_status":"closed","template":"","meta":{"footnotes":""},"class_list":["post-363","page","type-page","status-publish","hentry"],"aioseo_notices":[],"_links":{"self":[{"href":"https:\/\/fliesenhandel-rueckert.de\/index.php?rest_route=\/wp\/v2\/pages\/363","targetHints":{"allow":["GET"]}}],"collection":[{"href":"https:\/\/fliesenhandel-rueckert.de\/index.php?rest_route=\/wp\/v2\/pages"}],"about":[{"href":"https:\/\/fliesenhandel-rueckert.de\/index.php?rest_route=\/wp\/v2\/types\/page"}],"author":[{"embeddable":true,"href":"https:\/\/fliesenhandel-rueckert.de\/index.php?rest_route=\/wp\/v2\/users\/1"}],"replies":[{"embeddable":true,"href":"https:\/\/fliesenhandel-rueckert.de\/index.php?rest_route=%2Fwp%2Fv2%2Fcomments&post=363"}],"version-history":[{"count":3,"href":"https:\/\/fliesenhandel-rueckert.de\/index.php?rest_route=\/wp\/v2\/pages\/363\/revisions"}],"predecessor-version":[{"id":371,"href":"https:\/\/fliesenhandel-rueckert.de\/index.php?rest_route=\/wp\/v2\/pages\/363\/revisions\/371"}],"wp:attachment":[{"href":"https:\/\/fliesenhandel-rueckert.de\/index.php?rest_route=%2Fwp%2Fv2%2Fmedia&parent=363"}],"curies":[{"name":"wp","href":"https:\/\/api.w.org\/{rel}","templated":true}]}}