{"id":416,"date":"2022-02-07T07:25:08","date_gmt":"2022-02-07T07:25:08","guid":{"rendered":"https:\/\/fliesenhandel-rueckert.de\/?page_id=416"},"modified":"2024-11-13T07:11:35","modified_gmt":"2024-11-13T07:11:35","slug":"%februarangebote","status":"publish","type":"page","link":"https:\/\/fliesenhandel-rueckert.de\/?page_id=416","title":{"rendered":"%Restposte und Herbstangebote"},"content":{"rendered":"\n<p>Nachfolgende Angebote sind inkl. Mehrwertsteuer und gelten solange der Vorrat reicht (Restposten in kleinen Mengen werden extra erw\u00e4hnt).<br>Die Preise verstehen sich ab Lager (Selbstabholung bzw. Transport gegen Aufpreis).&nbsp;<\/p>\n\n\n\n<p>Bei Interesse bitte Mail an info@fliesenhandel-rueckert.de<\/p>\n\n\n\n<p>M\u00f6chten Sie die Fliese vorab sehen? Dann bitte ich um Terminvereinbarung via info@fliesenhandel-rueckert.de<\/p>\n\n\n\n<h2 class=\"wp-block-heading\" id=\"restposten-9-qm-feinsteinzeug-bodenfliese-im-format-30cmx60cm-rektifiziert-rutschhemmung-r10-farbe-grau-20-qm-inkl-mwst-statt-uvp-36-qm-siehe-auch-foto-zum-nachfolgenden-angebot\">Restposten (ca. 20qm): Wandfliese wei\u00df im Format 30\u00d790, gl\u00e4nzend:&nbsp;<br><strong>27,-\u20ac\/qm (inkl. MwSt.)<\/strong>&nbsp;statt UVP 38,-\u20ac\/qm<\/h2>\n\n\n\n<figure class=\"wp-block-image\"><img loading=\"lazy\" decoding=\"async\" width=\"576\" height=\"1024\" src=\"https:\/\/fliesenhandel-rueckert.de\/wp-content\/uploads\/2021\/11\/Bad-576x1024.jpg\" alt=\"\" class=\"wp-image-408\" srcset=\"https:\/\/fliesenhandel-rueckert.de\/wp-content\/uploads\/2021\/11\/Bad-576x1024.jpg 576w, https:\/\/fliesenhandel-rueckert.de\/wp-content\/uploads\/2021\/11\/Bad-169x300.jpg 169w, https:\/\/fliesenhandel-rueckert.de\/wp-content\/uploads\/2021\/11\/Bad-768x1365.jpg 768w, https:\/\/fliesenhandel-rueckert.de\/wp-content\/uploads\/2021\/11\/Bad-864x1536.jpg 864w, https:\/\/fliesenhandel-rueckert.de\/wp-content\/uploads\/2021\/11\/Bad-1152x2048.jpg 1152w, https:\/\/fliesenhandel-rueckert.de\/wp-content\/uploads\/2021\/11\/Bad-scaled.jpg 1440w\" sizes=\"auto, (max-width: 576px) 100vw, 576px\" \/><\/figure>\n\n\n\n<h2 class=\"wp-block-heading\" id=\"restposten-ca-37qm-feinsteinzeug-bodenfliese-im-format-60cmx60cm-rektifiziert-rutschhemmung-r10-farbe-sand-30-qm-inkl-mwst-statt-uvp-48-qm\">(Restposten ca. 37qm): Feinsteinzeug Bodenfliese im Format 60cmx60cm, rektifiziert, Rutschhemmung R10, Farbe \u201esand\u201c:<strong>30,-\u20ac\/qm (inkl. MwSt)<\/strong>&nbsp;<em>statt UVP 48,-\u20ac\/qm<\/em><\/h2>\n\n\n\n<figure class=\"wp-block-image\"><img decoding=\"async\" src=\"https:\/\/www.pamesa.com\/ERP\/4.0\/empresas\/151\/045\/imagenes\/t00010602\/0178402742874.jpg?202007\" alt=\"TALENT CENERE 60x60\" title=\"TALENT CENERE\"\/><\/figure>\n\n\n\n<h2 class=\"wp-block-heading\" id=\"feinsteinzeug-bodenfliese-im-format-60cmx60cm-rektifiziert-farbe-beige-22-qm-inkl-mwst-statt-uvp-32-qm\">Feinsteinzeug Bodenfliese im Format 60cmx60cm, rektifiziert, Farbe \u201ebeige\u201c:<strong>\u00a016,-\u20ac\/qm (inkl. MwSt)<\/strong><em>\u00a0statt UVP\u00a0<\/em>32,-\u20ac\/qm<\/h2>\n\n\n\n<figure class=\"wp-block-image\"><img loading=\"lazy\" decoding=\"async\" width=\"709\" height=\"709\" src=\"https:\/\/fliesenhandel-rueckert.de\/wp-content\/uploads\/2021\/11\/Arena.jpg\" alt=\"Feinsteinzeug Bodenfliese, \" class=\"wp-image-389\" srcset=\"https:\/\/fliesenhandel-rueckert.de\/wp-content\/uploads\/2021\/11\/Arena.jpg 709w, https:\/\/fliesenhandel-rueckert.de\/wp-content\/uploads\/2021\/11\/Arena-300x300.jpg 300w, https:\/\/fliesenhandel-rueckert.de\/wp-content\/uploads\/2021\/11\/Arena-150x150.jpg 150w, https:\/\/fliesenhandel-rueckert.de\/wp-content\/uploads\/2021\/11\/Arena-100x100.jpg 100w\" sizes=\"auto, (max-width: 709px) 100vw, 709px\" \/><\/figure>\n\n\n\n<h2 class=\"wp-block-heading\" id=\"feinsteinzeug-bodenfliese-im-format-60cmx60cm-rektifiziert-farbe-anthrazit-22-qm-inkl-mwst-statt-uvp-32-qm\">Feinsteinzeug Bodenfliese im Format 60cmx60cm, rektifiziert, Farbe \u201eanthrazit\u201c:<strong>\u00a016,-\u20ac\/qm (inkl. MwSt)<\/strong><em>\u00a0<\/em><em>statt UVP\u00a0<\/em>32,-\u20ac\/qm<\/h2>\n\n\n\n<figure class=\"wp-block-image\"><img loading=\"lazy\" decoding=\"async\" width=\"709\" height=\"709\" src=\"https:\/\/fliesenhandel-rueckert.de\/wp-content\/uploads\/2021\/11\/Marengo.jpg\" alt=\"\" class=\"wp-image-393\" srcset=\"https:\/\/fliesenhandel-rueckert.de\/wp-content\/uploads\/2021\/11\/Marengo.jpg 709w, https:\/\/fliesenhandel-rueckert.de\/wp-content\/uploads\/2021\/11\/Marengo-300x300.jpg 300w, https:\/\/fliesenhandel-rueckert.de\/wp-content\/uploads\/2021\/11\/Marengo-150x150.jpg 150w, https:\/\/fliesenhandel-rueckert.de\/wp-content\/uploads\/2021\/11\/Marengo-100x100.jpg 100w\" sizes=\"auto, (max-width: 709px) 100vw, 709px\" \/><\/figure>\n\n\n\n<h2 class=\"wp-block-heading\" id=\"wandfliese-weiss-glanzend-und-matt-36cmx80cm-17-qm-inkl-mwst-statt-uvp-26-qm\">Wandfliese wei\u00df, gl\u00e4nzend und matt, 36cmx80cm:&nbsp;<strong>17\u20ac\/qm (inkl. MwSt)<\/strong>&nbsp;<em>statt UVP&nbsp;<\/em>26,-\u20ac\/qm<\/h2>\n\n\n\n<figure class=\"wp-block-image\"><img loading=\"lazy\" decoding=\"async\" width=\"1024\" height=\"243\" src=\"https:\/\/fliesenhandel-rueckert.de\/wp-content\/uploads\/2021\/11\/image-1024x243.png\" alt=\"\" class=\"wp-image-397\" srcset=\"https:\/\/fliesenhandel-rueckert.de\/wp-content\/uploads\/2021\/11\/image-1024x243.png 1024w, https:\/\/fliesenhandel-rueckert.de\/wp-content\/uploads\/2021\/11\/image-300x71.png 300w, https:\/\/fliesenhandel-rueckert.de\/wp-content\/uploads\/2021\/11\/image-768x182.png 768w, https:\/\/fliesenhandel-rueckert.de\/wp-content\/uploads\/2021\/11\/image.png 1129w\" sizes=\"auto, (max-width: 767px) 89vw, (max-width: 1000px) 54vw, (max-width: 1071px) 543px, 580px\" \/><\/figure>\n\n\n\n<h2 class=\"wp-block-heading\" id=\"feinsteinzeug-bodenfliese-im-format-60cmx60cm-rektifiziert-rutschhemmung-r9-farbe-hellgrau-24-qm-inkl-mwst-statt-uvp-34-qm\">Feinsteinzeug Bodenfliese im Format 60cmx60cm, rektifiziert, Rutschhemmung R9, Farbe \u201ehellgrau\u201c:<strong>\u00a018,-\u20ac\/qm (inkl. MwSt)<\/strong>\u00a0<em>statt UVP\u00a0<\/em>34,-\u20ac\/qm<\/h2>\n\n\n\n<figure class=\"wp-block-image\"><img loading=\"lazy\" decoding=\"async\" width=\"709\" height=\"709\" src=\"https:\/\/fliesenhandel-rueckert.de\/wp-content\/uploads\/2021\/11\/Perla.jpg\" alt=\"\" class=\"wp-image-394\" srcset=\"https:\/\/fliesenhandel-rueckert.de\/wp-content\/uploads\/2021\/11\/Perla.jpg 709w, https:\/\/fliesenhandel-rueckert.de\/wp-content\/uploads\/2021\/11\/Perla-300x300.jpg 300w, https:\/\/fliesenhandel-rueckert.de\/wp-content\/uploads\/2021\/11\/Perla-150x150.jpg 150w, https:\/\/fliesenhandel-rueckert.de\/wp-content\/uploads\/2021\/11\/Perla-100x100.jpg 100w\" sizes=\"auto, (max-width: 709px) 100vw, 709px\" \/><\/figure>\n\n\n\n<h2 class=\"wp-block-heading\" id=\"feinsteinzeug-bodenfliese-im-format-60cmx60cm-rektifiziert-rutschhemmung-r9-farbe-taupe-24-qm-inkl-mwst-statt-uvp-34-qm\">Feinsteinzeug Bodenfliese im Format 60cmx60cm, rektifiziert, Rutschhemmung R9, Farbe \u201etaupe\u201c:<strong>\u00a018,-\u20ac\/qm (inkl. MwSt)<\/strong>\u00a0<em>statt UVP\u00a0<\/em>34,-\u20ac\/qm<\/h2>\n\n\n\n<figure class=\"wp-block-image\"><img loading=\"lazy\" decoding=\"async\" width=\"1024\" height=\"1024\" src=\"https:\/\/fliesenhandel-rueckert.de\/wp-content\/uploads\/2021\/11\/Taupe-1024x1024.jpg\" alt=\"\" class=\"wp-image-395\" srcset=\"https:\/\/fliesenhandel-rueckert.de\/wp-content\/uploads\/2021\/11\/Taupe-1024x1024.jpg 1024w, https:\/\/fliesenhandel-rueckert.de\/wp-content\/uploads\/2021\/11\/Taupe-300x300.jpg 300w, https:\/\/fliesenhandel-rueckert.de\/wp-content\/uploads\/2021\/11\/Taupe-150x150.jpg 150w, https:\/\/fliesenhandel-rueckert.de\/wp-content\/uploads\/2021\/11\/Taupe-768x768.jpg 768w, https:\/\/fliesenhandel-rueckert.de\/wp-content\/uploads\/2021\/11\/Taupe-100x100.jpg 100w, https:\/\/fliesenhandel-rueckert.de\/wp-content\/uploads\/2021\/11\/Taupe.jpg 1181w\" sizes=\"auto, (max-width: 767px) 89vw, (max-width: 1000px) 54vw, (max-width: 1071px) 543px, 580px\" \/><\/figure>\n\n\n\n<h2 class=\"wp-block-heading\" id=\"feinsteinzeug-bodenfliese-im-format-60cmx60cm-rektifiziert-rutschhemmung-r9-farbe-anthrazit-hell-24-qm-inkl-mwst-statt-uvp-34-qm\">Feinsteinzeug Bodenfliese im Format 60cmx60cm, rektifiziert, Rutschhemmung R9, Farbe \u201eanthrazit hell\u201c:<strong>\u00a018,-\u20ac\/qm (inkl. MwSt)<\/strong>\u00a0<em>statt UVP\u00a0<\/em>34,-\u20ac\/qm<\/h2>\n\n\n\n<figure class=\"wp-block-image\"><img loading=\"lazy\" decoding=\"async\" width=\"709\" height=\"709\" src=\"https:\/\/fliesenhandel-rueckert.de\/wp-content\/uploads\/2021\/11\/Ceniza.jpg\" alt=\"\" class=\"wp-image-391\" srcset=\"https:\/\/fliesenhandel-rueckert.de\/wp-content\/uploads\/2021\/11\/Ceniza.jpg 709w, https:\/\/fliesenhandel-rueckert.de\/wp-content\/uploads\/2021\/11\/Ceniza-300x300.jpg 300w, https:\/\/fliesenhandel-rueckert.de\/wp-content\/uploads\/2021\/11\/Ceniza-150x150.jpg 150w, https:\/\/fliesenhandel-rueckert.de\/wp-content\/uploads\/2021\/11\/Ceniza-100x100.jpg 100w\" sizes=\"auto, (max-width: 709px) 100vw, 709px\" \/><\/figure>\n\n\n\n<h2 class=\"wp-block-heading\" id=\"wand-bodenfliese-im-format-30-8-61-5-farbe-rost-22-qm-inkl-mwst-statt-uvp-36-qm\">Wand-\/Bodenfliese im Format 30.8\u00d761.5, Farbe \u201erost\u201c:\u00a0<strong>18\u20ac\/qm (inkl. MwSt)<\/strong>\u00a0<em>statt UVP\u00a0<\/em>36,-\u20ac\/qm<\/h2>\n\n\n\n<figure class=\"wp-block-image\"><img loading=\"lazy\" decoding=\"async\" width=\"552\" height=\"675\" src=\"https:\/\/fliesenhandel-rueckert.de\/wp-content\/uploads\/2021\/11\/image-1.png\" alt=\"\" class=\"wp-image-399\" srcset=\"https:\/\/fliesenhandel-rueckert.de\/wp-content\/uploads\/2021\/11\/image-1.png 552w, https:\/\/fliesenhandel-rueckert.de\/wp-content\/uploads\/2021\/11\/image-1-245x300.png 245w\" sizes=\"auto, (max-width: 552px) 100vw, 552px\" \/><\/figure>\n\n\n\n<h2 class=\"wp-block-heading\" id=\"restposten-ca-10-qm-feinsteinzeug-bodenfliese-in-holzoptik-format-20cmx120cm-rektifiziert-rutschhemmung-r10-farbe-grau-30-qm-inkl-mwst-statt-uvp-48-qm\">(Restposten ca. 10 qm): Feinsteinzeug Bodenfliese in Holzoptik, Format 20cmx120cm, rektifiziert, Rutschhemmung R10, Farbe \u201egrau\u201c:&nbsp;<strong>30\u20ac\/qm (inkl. MwSt.)<\/strong><em>&nbsp;statt UVP&nbsp;<\/em>48,-\u20ac\/qm<\/h2>\n\n\n\n<figure class=\"wp-block-image\"><img loading=\"lazy\" decoding=\"async\" width=\"990\" height=\"654\" src=\"https:\/\/fliesenhandel-rueckert.de\/wp-content\/uploads\/2021\/11\/image-2.png\" alt=\"\" class=\"wp-image-401\" srcset=\"https:\/\/fliesenhandel-rueckert.de\/wp-content\/uploads\/2021\/11\/image-2.png 990w, https:\/\/fliesenhandel-rueckert.de\/wp-content\/uploads\/2021\/11\/image-2-300x198.png 300w, https:\/\/fliesenhandel-rueckert.de\/wp-content\/uploads\/2021\/11\/image-2-768x507.png 768w\" sizes=\"auto, (max-width: 767px) 89vw, (max-width: 1000px) 54vw, (max-width: 1071px) 543px, 580px\" \/><\/figure>\n\n\n\n<h2 class=\"wp-block-heading\" id=\"feinsteinzeug-bodenfliese-im-format-60cmx120cm-rektifiziert-rutschhemmung-r10-farbe-nero-38-qm-inkl-mwst-statt-uvp-60-qm\">Feinsteinzeug Bodenfliese im Format 60cmx120cm, rektifiziert, Rutschhemmung R10, Farbe \u201enero\u201c:&nbsp;<strong>38\u20ac\/qm (inkl. MwSt.)<\/strong>&nbsp;<em>statt UVP&nbsp;<\/em>60,-\u20ac\/qm<\/h2>\n\n\n\n<figure class=\"wp-block-image\"><img loading=\"lazy\" decoding=\"async\" width=\"891\" height=\"632\" src=\"https:\/\/fliesenhandel-rueckert.de\/wp-content\/uploads\/2021\/11\/image-3.png\" alt=\"\" class=\"wp-image-403\" srcset=\"https:\/\/fliesenhandel-rueckert.de\/wp-content\/uploads\/2021\/11\/image-3.png 891w, https:\/\/fliesenhandel-rueckert.de\/wp-content\/uploads\/2021\/11\/image-3-300x213.png 300w, https:\/\/fliesenhandel-rueckert.de\/wp-content\/uploads\/2021\/11\/image-3-768x545.png 768w\" sizes=\"auto, (max-width: 767px) 89vw, (max-width: 1000px) 54vw, (max-width: 1071px) 543px, 580px\" \/><\/figure>\n\n\n\n<p><strong>(Angaben ohne Gew\u00e4hr)<\/strong><\/p>\n","protected":false},"excerpt":{"rendered":"<p>Nachfolgende Angebote sind inkl. Mehrwertsteuer und gelten solange der Vorrat reicht (Restposten in kleinen Mengen werden extra erw\u00e4hnt).Die Preise verstehen sich ab Lager (Selbstabholung bzw. Transport gegen Aufpreis).&nbsp; Bei Interesse bitte Mail an info@fliesenhandel-rueckert.de M\u00f6chten Sie die Fliese vorab sehen? Dann bitte ich um Terminvereinbarung via info@fliesenhandel-rueckert.de Restposten (ca. 20qm): Wandfliese wei\u00df im Format 30\u00d790, &hellip; <\/p>\n<p class=\"link-more\"><a href=\"https:\/\/fliesenhandel-rueckert.de\/?page_id=416\" class=\"more-link\"><span class=\"screen-reader-text\">\u201e%Restposte und Herbstangebote\u201c<\/span> weiterlesen<\/a><\/p>\n","protected":false},"author":1,"featured_media":0,"parent":0,"menu_order":0,"comment_status":"closed","ping_status":"closed","template":"","meta":{"footnotes":""},"class_list":["post-416","page","type-page","status-publish","hentry"],"aioseo_notices":[],"_links":{"self":[{"href":"https:\/\/fliesenhandel-rueckert.de\/index.php?rest_route=\/wp\/v2\/pages\/416","targetHints":{"allow":["GET"]}}],"collection":[{"href":"https:\/\/fliesenhandel-rueckert.de\/index.php?rest_route=\/wp\/v2\/pages"}],"about":[{"href":"https:\/\/fliesenhandel-rueckert.de\/index.php?rest_route=\/wp\/v2\/types\/page"}],"author":[{"embeddable":true,"href":"https:\/\/fliesenhandel-rueckert.de\/index.php?rest_route=\/wp\/v2\/users\/1"}],"replies":[{"embeddable":true,"href":"https:\/\/fliesenhandel-rueckert.de\/index.php?rest_route=%2Fwp%2Fv2%2Fcomments&post=416"}],"version-history":[{"count":5,"href":"https:\/\/fliesenhandel-rueckert.de\/index.php?rest_route=\/wp\/v2\/pages\/416\/revisions"}],"predecessor-version":[{"id":572,"href":"https:\/\/fliesenhandel-rueckert.de\/index.php?rest_route=\/wp\/v2\/pages\/416\/revisions\/572"}],"wp:attachment":[{"href":"https:\/\/fliesenhandel-rueckert.de\/index.php?rest_route=%2Fwp%2Fv2%2Fmedia&parent=416"}],"curies":[{"name":"wp","href":"https:\/\/api.w.org\/{rel}","templated":true}]}}