{"id":424,"date":"2023-03-02T08:41:28","date_gmt":"2023-03-02T08:41:28","guid":{"rendered":"https:\/\/fliesenhandel-rueckert.de\/?page_id=424"},"modified":"2023-03-02T08:41:28","modified_gmt":"2023-03-02T08:41:28","slug":"flies-it-yourself","status":"publish","type":"page","link":"https:\/\/fliesenhandel-rueckert.de\/?page_id=424","title":{"rendered":"Flies-It-Yourself"},"content":{"rendered":"\n<p>Aktuell ist es in vielen Gewerken schwierig, einen Handwerker zu bekommen, so auch beim Fliesenhandwerk.<br>Sie sind handwerklich begabt und trauen sich zu, die Renovierung und die Verlegung der Fliesen selbst durchzuf\u00fchren?<\/p>\n\n\n\n<p>Die Herausforderung f\u00fcr viele ist in diesen F\u00e4llen: <\/p>\n\n\n\n<ul class=\"wp-block-list\">\n<li>Was muss ich bei der Entfernung von alten Bel\u00e4gen beachten?<\/li>\n\n\n\n<li>L\u00e4sst sich auf alten Bel\u00e4gen fliesen?<\/li>\n\n\n\n<li>Welche Voraussetzungen gibt es beim Untergrund (Estrich etc.)?<\/li>\n\n\n\n<li>Welche Vorarbeiten (z.B. Grundierung) muss gemacht werden?<\/li>\n\n\n\n<li>Welche Abdichtung in welchem Bereich, welche Materialien?<\/li>\n\n\n\n<li>Welcher Kleber eignet sich?<\/li>\n\n\n\n<li>Wo beginne ich mit der Verlegung?<\/li>\n\n\n\n<li>Was muss ich beim Zuschneiden beachten?<\/li>\n\n\n\n<li>Fugenbreite, Fugenmaterial?<\/li>\n\n\n\n<li>Wie verlege ich gr\u00f6\u00dfere Formate, was muss ich dabei beachten?<\/li>\n\n\n\n<li>Welches Fugenmaterial ben\u00f6tige ich, was muss ich beim Verfugen beachten?<\/li>\n<\/ul>\n\n\n\n<p>Betreutes Fliesen<\/p>\n\n\n\n<p>Wir bieten Ihnen eine Beratung und Betreuung bei Ihrem Projekt durch Fliesenleger mit langj\u00e4hriger Berufserfahrung an und versorgen Sie mit genau den Produkten, die Sie ben\u00f6tigen.<\/p>\n\n\n\n<p>Dadurch erh\u00f6hen Sie die Chance, dass Ihr Projekt erfolgreich wird. <br>Die Kosten h\u00e4ngen dabei vom Aufwand der Betreuung ab. \u00dcblicherweise gehen wir von einer Besichtigung und Beratung vor Ort aus. Im einfachsten Fall w\u00e4re der Aufwand 1-2 h Beratung. Wir k\u00f6nnen Sie aber gerne enger betreuen und die einzelnen Schritte begleiten und \u00fcberpr\u00fcfen. Dies kann z.B. auch durch Fotodokumentation und Telefonat erfolgen. <\/p>\n\n\n\n<p><\/p>\n","protected":false},"excerpt":{"rendered":"<p>Aktuell ist es in vielen Gewerken schwierig, einen Handwerker zu bekommen, so auch beim Fliesenhandwerk.Sie sind handwerklich begabt und trauen sich zu, die Renovierung und die Verlegung der Fliesen selbst durchzuf\u00fchren? Die Herausforderung f\u00fcr viele ist in diesen F\u00e4llen: Betreutes Fliesen Wir bieten Ihnen eine Beratung und Betreuung bei Ihrem Projekt durch Fliesenleger mit langj\u00e4hriger &hellip; <\/p>\n<p class=\"link-more\"><a href=\"https:\/\/fliesenhandel-rueckert.de\/?page_id=424\" class=\"more-link\"><span class=\"screen-reader-text\">\u201eFlies-It-Yourself\u201c<\/span> weiterlesen<\/a><\/p>\n","protected":false},"author":1,"featured_media":0,"parent":0,"menu_order":0,"comment_status":"closed","ping_status":"closed","template":"","meta":{"footnotes":""},"class_list":["post-424","page","type-page","status-publish","hentry"],"aioseo_notices":[],"_links":{"self":[{"href":"https:\/\/fliesenhandel-rueckert.de\/index.php?rest_route=\/wp\/v2\/pages\/424","targetHints":{"allow":["GET"]}}],"collection":[{"href":"https:\/\/fliesenhandel-rueckert.de\/index.php?rest_route=\/wp\/v2\/pages"}],"about":[{"href":"https:\/\/fliesenhandel-rueckert.de\/index.php?rest_route=\/wp\/v2\/types\/page"}],"author":[{"embeddable":true,"href":"https:\/\/fliesenhandel-rueckert.de\/index.php?rest_route=\/wp\/v2\/users\/1"}],"replies":[{"embeddable":true,"href":"https:\/\/fliesenhandel-rueckert.de\/index.php?rest_route=%2Fwp%2Fv2%2Fcomments&post=424"}],"version-history":[{"count":2,"href":"https:\/\/fliesenhandel-rueckert.de\/index.php?rest_route=\/wp\/v2\/pages\/424\/revisions"}],"predecessor-version":[{"id":437,"href":"https:\/\/fliesenhandel-rueckert.de\/index.php?rest_route=\/wp\/v2\/pages\/424\/revisions\/437"}],"wp:attachment":[{"href":"https:\/\/fliesenhandel-rueckert.de\/index.php?rest_route=%2Fwp%2Fv2%2Fmedia&parent=424"}],"curies":[{"name":"wp","href":"https:\/\/api.w.org\/{rel}","templated":true}]}}